{"id":807,"date":"2024-02-23T14:09:34","date_gmt":"2024-02-23T13:09:34","guid":{"rendered":"https:\/\/pokutyitalie.cz\/kontakty\/"},"modified":"2024-02-23T14:09:35","modified_gmt":"2024-02-23T13:09:35","slug":"kontakty","status":"publish","type":"page","link":"https:\/\/pokutyitalie.cz\/sk\/kontakty\/","title":{"rendered":"Kontakty"},"content":{"rendered":"\n<p>Volajte na na\u0161u bezplatn\u00fa linku <a href=\"tel:+420800116633\">+420&nbsp;800&nbsp;11&nbsp;66&nbsp;33<\/a><\/p>\n\n<p>Email:\u00a0<a href=\"mailto:registr.dluzniku@logicall.cz\">registr.dluzniku@logicall.cz<\/a><\/p>\n\n<p><p class=\"western\" lang=\"sk-SK\">Najprv ve\u013emi mal\u00e9 predstavenie na\u0161ej spolo\u010dnosti. Spolo\u010dnos\u0165 LogiCall je spolo\u010dnos\u0165, ktor\u00e1 viac ako 15 rokov p\u00f4sob\u00ed na slovenskom trhu a&nbsp;rie\u0161i najm\u00e4 oblas\u0165 poh\u013ead\u00e1vok. Sme \u010dlenmi Asoci\u00e1cie inkasn\u00fdch agent\u00far (https:\/\/aiacz.cz\/), \u010do n\u00e1s zav\u00e4zuje k&nbsp;striktn\u00e9mu dodr\u017eiavaniu etick\u00e9ho k\u00f3dexu. V\u010faka dlhoro\u010dn\u00fdm sk\u00fasenostiam, profesion\u00e1lnemu pr\u00edstupu a&nbsp;dodr\u017eiavaniu etick\u00fdch noriem spolupracujeme napr\u00edklad so v\u0161etk\u00fdmi v\u00fdznamn\u00fdmi telco oper\u00e1tormi na slovenskom trhu.<\/p><\/p>\n\n<p>Na z\u00e1klade vy\u0161\u0161ie spom\u00ednan\u00e9ho, \u200b\u200bsa n\u00e1m podarilo z\u00edska\u0165 jeden z&nbsp;\u010fal\u0161\u00edch zahrani\u010dn\u00fdch projektov, ktor\u00fd sa pr\u00e1ve t\u00fdka zabezpe\u010denia neuhraden\u00fdch platieb za sp\u00e1chan\u00e9 dopravn\u00e9 prostriedky na \u00fazem\u00ed Talianska.<\/p>\n\n<p><strong>\u010co od n\u00e1s pr\u00edpadn\u00fd vinn\u00edk dostane:<\/strong><\/p>\n\n<ul class=\"wp-block-list\">\n<li>Upomienku s&nbsp;popisom priestupku<\/li>\n\n\n\n<li>Prihlasovacie \u00fadaje na link, kde m\u00f4\u017ee vidie\u0165 aj fotodokument\u00e1ciu<\/li>\n\n\n\n<li>Pr\u00edslu\u0161n\u00fa v\u00fdzvu talianskeho \u00faradu<\/li>\n\n\n\n<li>Kontakty na na\u0161ich \u0161pecialistov k&nbsp;dohode na sp\u00f4sobe \u00fahrady pokuty<\/li>\n<\/ul>\n\n<p>V s\u00fa\u010dasnej dobe pracujeme na pr\u00edpadoch z&nbsp;oblast\u00ed Roma, Pisa, Mil\u00e1no, Brescia, Parma, Pavia, Carrodano, Arcola, S. Stefano di Marga a&nbsp;Ameglia. Av\u0161ak, ka\u017ed\u00fdm t\u00fd\u017ed\u0148om sa n\u00e1m tieto regi\u00f3ny roz\u0161iruj\u00fa.<\/p>\n","protected":false},"excerpt":{"rendered":"<p>Volajte na na\u0161u bezplatn\u00fa linku +420&nbsp;800&nbsp;11&nbsp;66&nbsp;33 Email:\u00a0registr.dluzniku@logicall.cz Najprv ve\u013emi mal\u00e9 predstavenie na\u0161ej spolo\u010dnosti. Spolo\u010dnos\u0165 LogiCall je spolo\u010dnos\u0165, ktor\u00e1 viac ako &hellip; <\/p>\n","protected":false},"author":2,"featured_media":0,"parent":0,"menu_order":0,"comment_status":"closed","ping_status":"closed","template":"","meta":{"footnotes":""},"class_list":["post-807","page","type-page","status-publish","hentry"],"_links":{"self":[{"href":"https:\/\/pokutyitalie.cz\/sk\/wp-json\/wp\/v2\/pages\/807","targetHints":{"allow":["GET"]}}],"collection":[{"href":"https:\/\/pokutyitalie.cz\/sk\/wp-json\/wp\/v2\/pages"}],"about":[{"href":"https:\/\/pokutyitalie.cz\/sk\/wp-json\/wp\/v2\/types\/page"}],"author":[{"embeddable":true,"href":"https:\/\/pokutyitalie.cz\/sk\/wp-json\/wp\/v2\/users\/2"}],"replies":[{"embeddable":true,"href":"https:\/\/pokutyitalie.cz\/sk\/wp-json\/wp\/v2\/comments?post=807"}],"version-history":[{"count":1,"href":"https:\/\/pokutyitalie.cz\/sk\/wp-json\/wp\/v2\/pages\/807\/revisions"}],"predecessor-version":[{"id":808,"href":"https:\/\/pokutyitalie.cz\/sk\/wp-json\/wp\/v2\/pages\/807\/revisions\/808"}],"wp:attachment":[{"href":"https:\/\/pokutyitalie.cz\/sk\/wp-json\/wp\/v2\/media?parent=807"}],"curies":[{"name":"wp","href":"https:\/\/api.w.org\/{rel}","templated":true}]}}