{"id":796,"date":"2024-02-23T12:58:46","date_gmt":"2024-02-23T11:58:46","guid":{"rendered":"https:\/\/pokutyitalie.cz\/proc-nas\/"},"modified":"2024-02-23T12:58:46","modified_gmt":"2024-02-23T11:58:46","slug":"proc-nas","status":"publish","type":"page","link":"https:\/\/pokutyitalie.cz\/sk\/proc-nas\/","title":{"rendered":"D\u00f4le\u017eit\u00e9 inform\u00e1cie"},"content":{"rendered":"<p>\u2022 Pokuty s\u00fa zasielan\u00e9 majite\u013eom vozidiel po prist\u00fapen\u00ed do syst\u00e9mu EUCARIS \u2013 tj zoznam dr\u017eite\u013eov vozidiel.<br \/>\n\u2022 Taliansko je povinn\u00e9 posla\u0165 upomienku do 1 roka, preto\u017ee najprv \u017eiada o&nbsp;inform\u00e1cie \u010desk\u00fdch a&nbsp;slovensk\u00fdch \u00faradov, teda v\u00fdpis zo zoznamu dr\u017eite\u013eov vozidiel = EUCARIS_platforma sl\u00fa\u017eiaca na komunik\u00e1ciu \u010dlensk\u00fdch \u0161t\u00e1tov Eur\u00f3pskej \u00fanie a&nbsp;v\u00fdmene inform\u00e1ci\u00ed z&nbsp;n\u00e1rodn\u00fdch registrov vozidiel. Prev\u00e1dzkovate\u013e vozidla je potom upovedomen\u00fd listom, kde je priestupok spravidla jasne \u0161pecifikovan\u00fd, je uveden\u00fd d\u00e1tum a&nbsp;\u010das. Spravidla b\u00fdva v&nbsp;liste u\u017e vyruben\u00e1 pokuta, po zaplaten\u00ed ktorej bude vec zahrani\u010dn\u00fdm spr\u00e1vnym org\u00e1nom pova\u017eovan\u00e1 za uzavret\u00fa. Pokuty za dopravn\u00e9 delikty sa v&nbsp;zahrani\u010d\u00ed pohybuj\u00fa r\u00e1dovo v&nbsp;desiatkach a\u017e stovk\u00e1ch eur.<br \/>\n\u2022 \u010co sa t\u00fdka preml\u010dania, v\u0161eobecne plat\u00ed, \u017ee spr\u00e1vny org\u00e1n, ktor\u00fd priestupok prejedn\u00e1va, mus\u00ed o&nbsp;tomto priestupku pr\u00e1voplatne rozhodn\u00fa\u0165 do 1 roka + v&nbsp;Taliansku sa preml\u010dacia lehota 1 rok po\u010d\u00edta nie odo d\u0148a sp\u00e1chania priestupku (napr. prekro\u010denie r\u00fdchlosti), ale a\u017e od d\u0148a, ke\u010f sa spr\u00e1vny org\u00e1n o&nbsp;priestupku dozvedel.<br \/>\n\u2022 Preml\u010dacia doba v\u00a0Taliansku je 5 rokov (od zaslania dopisu).<br \/>\n\u2022 Obsielka m\u00f4\u017ee \u00eds\u0165 aj klasickou po\u0161tou a&nbsp;v\u017edy v&nbsp;talianskom jazyku, plus uzn\u00e1van\u00fd jazyk pre komunik\u00e1ciu v&nbsp;E\u00da = angli\u010dtina. Taliansko nie je povinn\u00e9 v\u00fdzvu na \u00fahradu pokuty posiela\u0165 v&nbsp;jazyku p\u00e1chate\u013ea priestupku.<br \/>\n\u2022 V\u00a0Taliansku plat\u00ed tzv. objekt\u00edvna zodpovednos\u0165. (Je to n\u00e1stroj, ktor\u00fd n\u00fati vodi\u010da dodr\u017eiava\u0165 konkr\u00e9tne dopravn\u00e9 pravidl\u00e1: r\u00fdchla jazda, jazda na \u010derven\u00fa, parkovanie a&nbsp;pod.) Sta\u010d\u00ed nafoti\u0165 auto s&nbsp;Va\u0161ou \u0160PZ pri nespr\u00e1vnom parkovan\u00ed. na odvolanie na zmierovac\u00ed s\u00fad je v\u017edy len 60 dn\u00ed a&nbsp;mus\u00ed by\u0165 odoslan\u00e9 v&nbsp;talianskom jazyku a\u00a0doporu\u010dene.<\/p>\n","protected":false},"excerpt":{"rendered":"<p>\u2022 Pokuty s\u00fa zasielan\u00e9 majite\u013eom vozidiel po prist\u00fapen\u00ed do syst\u00e9mu EUCARIS \u2013 tj zoznam dr\u017eite\u013eov vozidiel. \u2022 Taliansko je povinn\u00e9 &hellip; <\/p>\n","protected":false},"author":2,"featured_media":0,"parent":0,"menu_order":0,"comment_status":"closed","ping_status":"closed","template":"","meta":{"footnotes":""},"class_list":["post-796","page","type-page","status-publish","hentry"],"_links":{"self":[{"href":"https:\/\/pokutyitalie.cz\/sk\/wp-json\/wp\/v2\/pages\/796","targetHints":{"allow":["GET"]}}],"collection":[{"href":"https:\/\/pokutyitalie.cz\/sk\/wp-json\/wp\/v2\/pages"}],"about":[{"href":"https:\/\/pokutyitalie.cz\/sk\/wp-json\/wp\/v2\/types\/page"}],"author":[{"embeddable":true,"href":"https:\/\/pokutyitalie.cz\/sk\/wp-json\/wp\/v2\/users\/2"}],"replies":[{"embeddable":true,"href":"https:\/\/pokutyitalie.cz\/sk\/wp-json\/wp\/v2\/comments?post=796"}],"version-history":[{"count":0,"href":"https:\/\/pokutyitalie.cz\/sk\/wp-json\/wp\/v2\/pages\/796\/revisions"}],"wp:attachment":[{"href":"https:\/\/pokutyitalie.cz\/sk\/wp-json\/wp\/v2\/media?parent=796"}],"curies":[{"name":"wp","href":"https:\/\/api.w.org\/{rel}","templated":true}]}}