{"id":787,"date":"2024-02-23T12:36:24","date_gmt":"2024-02-23T11:36:24","guid":{"rendered":"https:\/\/pokutyitalie.cz\/pravne-nasledky\/"},"modified":"2024-02-23T12:36:24","modified_gmt":"2024-02-23T11:36:24","slug":"pravne-nasledky","status":"publish","type":"page","link":"https:\/\/pokutyitalie.cz\/sk\/pravne-nasledky\/","title":{"rendered":"Pr\u00e1vne n\u00e1sledky"},"content":{"rendered":"\n<h3 class=\"wp-block-heading\">\u010co hroz\u00ed po nezaplaten\u00ed pokuty?<\/h3>\n\n<p>Talianska pol\u00edcia je v&nbsp;pr\u00edpadoch stanoven\u00fdch miestnym z\u00e1konom opr\u00e1vnen\u00e1 odobra\u0165 vodi\u010dsk\u00fd preukaz vodi\u010dovi, ktor\u00fd sa dopustil z\u00e1va\u017en\u00e9ho dopravn\u00e9ho priestupku. Tento trest je spravidla spojen\u00fd s&nbsp;ulo\u017een\u00edm z\u00e1kazu konania na \u00fazem\u00ed Talianska. Vodi\u010dovi je vystaven\u00e9 do\u010dasn\u00e9 potvrdenie na \u00fa\u010dely dojatia sp\u00e4\u0165 do svojej krajiny a&nbsp;vodi\u010dsk\u00fd preukaz je n\u00e1sledne diplomatickou cestou zaslan\u00fd do jeho krajiny \u2013 toto sa m\u00f4\u017ee sta\u0165 aj vtedy, ak vojdete na \u00fazemie Talianska a&nbsp;zist\u00ed sa, \u017ee nem\u00e1te uhraden\u00fa u\u017e ulo\u017een\u00fa pokutu.<\/p>\n\n<p><a href=\"mailto:registr.dluzniku@logicall.cz\">registr.dluzniku@logicall.cz<\/a><\/p>\n\n<p><a href=\"tel:+420800116633\">+420&nbsp;800&nbsp;11&nbsp;66&nbsp;33<\/a><\/p>\n\n<h2 class=\"wp-block-heading\">Roz\u0161\u00edrenie pr\u00e1vomoc\u00ed colnej spr\u00e1vy od roku 2023<\/h2>\n\n<p>So za\u010diatkom janu\u00e1ra minul\u00e9ho roka nadobudol platnos\u0165 z\u00e1kon umo\u017e\u0148uj\u00faci coln\u00edkom, str\u00e1\u017enikom, ale aj policajtom zabavova\u0165 vodi\u010dom registra\u010dnej zna\u010dky za neuhraden\u00e9 pokuty. Coln\u00e1 spr\u00e1va t\u00fato mo\u017enos\u0165 vyu\u017e\u00edva pomerne \u010dasto.<\/p>\n\n<p>Pokia\u013e dl\u017en\u00e1 \u010diastka nie je na mieste uhraden\u00e1 vodi\u010dom \u010di prev\u00e1dzkovate\u013eom vozidla, ktor\u00fd v\u0161ak nemus\u00ed by\u0165 v&nbsp;aute pr\u00edtomn\u00fd, nie je mo\u017en\u00e9 \u010falej pokra\u010dova\u0165 v&nbsp;jazde. Ak chce vodi\u010d pokra\u010dova\u0165 v&nbsp;ceste, mus\u00ed teda uhradi\u0165 nedoplatok aj za nepr\u00edtomn\u00e9ho prev\u00e1dzkovate\u013ea vozidla. Coln\u00edk pri odobrat\u00ed registra\u010dn\u00fdch zna\u010diek alebo prilo\u017een\u00ed papu\u010de vodi\u010dovi ozn\u00e1mi, kedy a&nbsp;kde m\u00f4\u017ee nedoplatok zaplati\u0165 a&nbsp;z\u00e1rove\u0148 za ak\u00fdch podmienok d\u00f4jde k&nbsp;vr\u00e1teniu odobran\u00fdch registra\u010dn\u00fdch zna\u010diek alebo s\u0148atiu prilo\u017eenej papu\u010de.<\/p>\n\n<p>Zdroj:\u00a0<a href=\"https:\/\/www.idnes.cz\/auto\/zpravodajstvi\/spz-registracni-znacky-celnici-pokuta.A230129_200755_automoto_mom\">https:\/\/www.idnes.cz\/auto\/zpravodajstvi\/spz-registracni-znacky-celnici-pokuta.A230129_200755_automoto_mom<\/a><\/p>\n","protected":false},"excerpt":{"rendered":"<p>\u010co hroz\u00ed po nezaplaten\u00ed pokuty? Talianska pol\u00edcia je v&nbsp;pr\u00edpadoch stanoven\u00fdch miestnym z\u00e1konom opr\u00e1vnen\u00e1 odobra\u0165 vodi\u010dsk\u00fd preukaz vodi\u010dovi, ktor\u00fd sa dopustil &hellip; <\/p>\n","protected":false},"author":2,"featured_media":0,"parent":0,"menu_order":0,"comment_status":"closed","ping_status":"closed","template":"","meta":{"footnotes":""},"class_list":["post-787","page","type-page","status-publish","hentry"],"_links":{"self":[{"href":"https:\/\/pokutyitalie.cz\/sk\/wp-json\/wp\/v2\/pages\/787","targetHints":{"allow":["GET"]}}],"collection":[{"href":"https:\/\/pokutyitalie.cz\/sk\/wp-json\/wp\/v2\/pages"}],"about":[{"href":"https:\/\/pokutyitalie.cz\/sk\/wp-json\/wp\/v2\/types\/page"}],"author":[{"embeddable":true,"href":"https:\/\/pokutyitalie.cz\/sk\/wp-json\/wp\/v2\/users\/2"}],"replies":[{"embeddable":true,"href":"https:\/\/pokutyitalie.cz\/sk\/wp-json\/wp\/v2\/comments?post=787"}],"version-history":[{"count":1,"href":"https:\/\/pokutyitalie.cz\/sk\/wp-json\/wp\/v2\/pages\/787\/revisions"}],"predecessor-version":[{"id":788,"href":"https:\/\/pokutyitalie.cz\/sk\/wp-json\/wp\/v2\/pages\/787\/revisions\/788"}],"wp:attachment":[{"href":"https:\/\/pokutyitalie.cz\/sk\/wp-json\/wp\/v2\/media?parent=787"}],"curies":[{"name":"wp","href":"https:\/\/api.w.org\/{rel}","templated":true}]}}