{"id":1006,"date":"2025-10-20T08:59:16","date_gmt":"2025-10-20T06:59:16","guid":{"rendered":"https:\/\/pokutyitalie.cz\/pravne-objasnenie-k-vymvymahaniu-pokut\/"},"modified":"2025-10-20T08:59:16","modified_gmt":"2025-10-20T06:59:16","slug":"pravne-objasnenie-k-vymvymahaniu-pokut","status":"publish","type":"page","link":"https:\/\/pokutyitalie.cz\/sk\/pravne-objasnenie-k-vymvymahaniu-pokut\/","title":{"rendered":"Pr\u00e1vne objasnenie k&nbsp;vym\u00e1haniu pok\u00fat"},"content":{"rendered":"<p>Vzh\u013eadom na z\u00e1ujem m\u00e9di\u00ed o&nbsp;t\u00e9mu medzin\u00e1rodn\u00e9ho vym\u00e1hania dopravn\u00fdch pok\u00fat zdie\u013eame odkaz na star\u0161\u00ed \u010dl\u00e1nok, ktor\u00fd sa venoval pr\u00e1vnym aspektom a&nbsp;\u010dinnosti spolo\u010dnosti LogiCall v&nbsp;\u010ceskej republike.<\/p>\n<p><strong>\u010cl\u00e1nok Aktu\u00e1ln\u011b.cz z&nbsp;roku 2017 n\u00e1jdete tu:<\/strong>\u00a0<a href=\"https:\/\/zpravy.aktualne.cz\/domaci\/cesti-vymahaci-jdou-po-pokutach-za-prestupky-z-italie-pravni\/1ab0e5a28991411f0b555ac1f6b22ee8\/\">https:\/\/zpravy.aktualne.cz\/domaci\/cesti-vymahaci-jdou-po-pokutach-za-prestupky-z-italie-pravni\/1ab0e5a28991411f0b555ac1f6b22ee8\/<\/a><\/p>\n<p>Tla\u010dov\u00e1 spr\u00e1va:<\/p>\n<p>\u010cesk\u00ed vym\u00e1ha\u010di id\u00fa po pokut\u00e1ch za priestupky v&nbsp;Taliansku. Pr\u00e1vnik d\u00e1va prekvapiv\u00fa radu Petra Jarom\u011b\u0159sk\u00e1 pred 4 hodinami Pir\u00e1tov ciest za\u010dala nah\u00e1\u0148a\u0165 kv\u00f4li \u201etalianskym\u201c pokut\u00e1m za dopravn\u00e9 priestupky \u010desk\u00e1 inkasn\u00e1 agent\u00fara. Vym\u00e1hanie s\u00fakromnou firmou je neleg\u00e1lne, pod\u013ea \u010desk\u00e9ho aj pod\u013ea eur\u00f3pskeho pr\u00e1va, tvrdia pr\u00e1vnici, ktor\u00fdch denn\u00edk Aktu\u00e1ln\u011b.cz oslovil. Foto: Shutterstock Len v&nbsp;obdob\u00ed leta vyr\u00e1\u017eaj\u00fa do zahrani\u010dia st\u00e1tis\u00edce \u010cechov. Po n\u00e1vrate niektor\u00fdch vodi\u010dov \u010dak\u00e1 nepr\u00edjemn\u00e9 prekvapenie v&nbsp;podobe pokuty za dopravn\u00e9 priestupky. Tie sp\u00e1chan\u00e9 na \u00fazem\u00ed Talianska za\u010dala u\u017e pred rokmi vym\u00e1ha\u0165 \u010desk\u00e1 inkasn\u00e1 agent\u00fara. Odovzdan\u00edm tuzemsk\u00fdm vym\u00e1ha\u010dom navy\u0161e do\u0161lo k&nbsp;v\u00fdrazn\u00e9mu nav\u00fd\u0161eniu sankcie. Pritom Eur\u00f3pska \u00fania kv\u00f4li nez\u00e1konn\u00fdm praktik\u00e1m v&nbsp;cezhrani\u010dnom rie\u0161en\u00ed pok\u00fat za dopravn\u00e9 priestupky musela u\u017e dvakr\u00e1t zasahova\u0165. Najsk\u00f4r v&nbsp;roku 2015 a&nbsp;potom vlani. Zaplat\u00edme, ale nie to\u013eko Mal\u00e1 stavebn\u00e1 firma z&nbsp;Pardubick\u00e9ho kraja sa u\u017e nieko\u013eko t\u00fd\u017ed\u0148ov pre\u0165ahuje s&nbsp;inkasnou spolo\u010dnos\u0165ou LogiCall, ktor\u00e1 po nej chce zaplati\u0165 za p\u00e4\u0165 dopravn\u00fdch priestupkov sp\u00e1chan\u00fdch v&nbsp;Taliansku takmer 50 tis\u00edc kor\u00fan. reklama \u201ePokuty chceme zaplati\u0165, ale to nav\u00fd\u0161enie pova\u017eujeme za \u00faplne neadekv\u00e1tne,\u201c povedal denn\u00edku Aktu\u00e1ln\u011b.cz majite\u013e firmy. Redakcia jeho toto\u017enos\u0165 pozn\u00e1, prial si v\u0161ak zosta\u0165 v&nbsp;anonymite. P\u00f4vodn\u00e1 v\u00fd\u0161ka jednej pokuty predstavovala 182 eur (v&nbsp;prepo\u010dte zhruba 4,5 tis\u00edc kor\u00fan), a&nbsp;to za poru\u0161enie z\u00e1kazu vjazdu. Pokuty najprv nav\u00fd\u0161ili talianski advok\u00e1ti, a&nbsp;to na sumu takmer \u0161es\u0165 tis\u00edc kor\u00fan. V\u00fdzva na zaplatenie talianskej pokuty od spolo\u010dnosti LogiCall | Foto: Aktu\u00e1ln\u011b.cz Taliani ich n\u00e1sledne odovzdali na vym\u00e1hanie \u010deskej spolo\u010dnosti LogiCall. T\u00e1 u\u017e po\u017eaduje 9200 kor\u00fan. Za p\u00e4\u0165 priestupkov teda celkom zhruba 46 tis\u00edc kor\u00fan. Z&nbsp;dokumentov, ktor\u00e9 m\u00e1 denn\u00edk Aktu\u00e1ln\u011b k&nbsp;dispoz\u00edcii, vypl\u00fdva, \u017ee odovzdan\u00edm vym\u00e1hania jednej pokuty do r\u00fak \u010deskej inkasnej agent\u00fary do\u0161lo k&nbsp;nav\u00fd\u0161eniu o&nbsp;takmer \u0161es\u0165desiat percent. BeNative Pre\u010do pr\u00e1ve elektromobil? Za\u010dnite tam, kde si odpove\u010f n\u00e1jde aj skeptik, aj nad\u0161enec \u201eJednu pokutu sme zaplatili v&nbsp;plnej v\u00fd\u0161ke, potom sme v\u0161etko konzultovali s&nbsp;pr\u00e1vnikom,\u201c hovor\u00ed konate\u013e spom\u00ednanej pokutovanej spolo\u010dnosti. \u201ePr\u00e1vnik n\u00e1m povedal, nech si od inkasnej spolo\u010dnosti vy\u017eiadame p\u00f4vodn\u00e9 rozhodnutie o&nbsp;pokute, na z\u00e1klade ktor\u00e9ho \u010diastku vym\u00e1haj\u00fa,\u201c pokra\u010duje. \u201eRozhodnutie n\u00e1m ale spolo\u010dnos\u0165 LogiCall neposlala. Dvakr\u00e1t poslali in\u00fd dokument, potom nap\u00edsali, \u017ee si to rozhodnutie m\u00e1me stiahnu\u0165 u&nbsp;nich na webe,\u201c rozpr\u00e1va. Chc\u00fa aj dvojn\u00e1sobok Pr\u00e1vnik Dominik \u0158ehounek z&nbsp;poradenskej spolo\u010dnosti DAS tvrd\u00ed, \u017ee s\u00fakromn\u00e1 spolo\u010dnos\u0165 nesmie vym\u00e1ha\u0165 verejnopr\u00e1vne pokuty, teda napr\u00edklad pokuty za prekro\u010denie r\u00fdchlosti \u010di za poru\u0161enie z\u00e1kazu vjazdu. \u201eTaliansko je v&nbsp;s\u00fa\u010dasnej dobe jedin\u00e1 zo zem\u00ed Eur\u00f3pskej \u00fanie, kto to rob\u00ed. Teda odovzd\u00e1va vym\u00e1hanie verejnopr\u00e1vnych pok\u00fat s\u00fakromnej inkasnej agent\u00fare,\u201c popisuje \u0158ehounek. \u201eVidel som stovky pok\u00fat, ktor\u00e9 vym\u00e1hala po \u010desk\u00fdch vodi\u010doch spolo\u010dnos\u0165 LogiCall. Spravidla si za svoje slu\u017eby navy\u0161uje p\u00f4vodn\u00fa pokutu o&nbsp;desiatky percent, v&nbsp;niektor\u00fdch pr\u00edpadoch aj o&nbsp;dvojn\u00e1sobok p\u00f4vodnej \u010diastky,\u201c popisuje pr\u00e1vnik sk\u00fasenosti s&nbsp;pokutami, ktor\u00e9 pom\u00e1hal rie\u0161i\u0165. \u201ePokia\u013e sankcie za dopravn\u00e9 priestupky z&nbsp;Talianska vym\u00e1ha \u010desk\u00e1 firma, je to pod\u013ea \u010desk\u00e9ho pr\u00e1va neleg\u00e1lne a&nbsp;je to neleg\u00e1lne aj pod\u013ea eur\u00f3pskeho pr\u00e1va,\u201c zhr\u0148uje \u0158ehounek. Spolo\u010dnos\u0165 LogiCall odmieta, \u017ee by si sumy za vym\u00e1han\u00e9 pokuty navy\u0161ovala. \u201eNem\u00e1me odmenu za vym\u00e1han\u00fa pokutu a&nbsp;ani nesmieme \u010doko\u013evek vym\u00e1ha\u0165 navy\u0161e, \u010do nie je predmetom spr\u00e1vneho konania talianskych samospr\u00e1vnych celkov,\u201c hovor\u00ed konate\u013e a&nbsp;majite\u013e spolo\u010dnosti LogiCall \u010cesk\u00e1 republika Ivan Kocm\u00e1nek. \u201eNa\u0161a pr\u00e1ca a&nbsp;n\u00e1klady s\u00fa samozrejme zaplaten\u00e9 spolo\u010dnos\u0165ou, ktor\u00e1 je opr\u00e1vnen\u00e1 zastupova\u0165 talianske samospr\u00e1vne \u00farady,\u201c dod\u00e1va. V\u00fd\u0161ku odmeny spolo\u010dnos\u0165 neoznamuje s&nbsp;t\u00fdm, \u017ee ide o&nbsp;obchodn\u00e9 tajomstvo a&nbsp;nie je vraj naviazan\u00e9 na to, \u010di doty\u010dn\u00fd pokutu uhrad\u00ed, alebo nie. Kocm\u00e1nek odmieta aj to, \u017ee by proces vym\u00e1hania bol neleg\u00e1lny. \u201eJe d\u00f4le\u017eit\u00e9 spomen\u00fa\u0165, \u017ee hoci sa niektor\u00e9 subjekty br\u00e1nia \u00fahrade pokuty a&nbsp;sna\u017eia sa poukazova\u0165 na to, \u010di smieme alebo nesmieme t\u00fato agendu spracov\u00e1va\u0165, je na druhej strane mnoho subjektov, ktor\u00e9 s\u00fa rady, \u017ee sme im pomohli vyrie\u0161i\u0165 spr\u00e1vny delikt a&nbsp;nehroz\u00ed im \u010fal\u0161\u00ed postih, napr\u00edklad v&nbsp;pr\u00edpade, \u017ee by boli zastaven\u00ed pol\u00edciou v&nbsp;Taliansku pri \u010fal\u0161ej jazde,\u201c hovor\u00ed za LogiCall Ivan Kocm\u00e1nek. Pokuty rie\u0161i cel\u00e1 Eur\u00f3pa Vym\u00e1hanie sankci\u00ed za dopravn\u00e9 priestupky sp\u00e1chan\u00e9 vodi\u010dom v&nbsp;inom \u0161t\u00e1te Eur\u00f3pskej \u00fanie, ne\u017e ktor\u00e9ho ob\u010dianstvo m\u00e1, upravuje \u00fanijn\u00e1 smernica u\u017e od roku 2015. Ide o&nbsp;smernicu o&nbsp;u\u013eah\u010den\u00ed cezhrani\u010dnej v\u00fdmeny inform\u00e1ci\u00ed o&nbsp;dopravn\u00fdch deliktoch; \u010cesko ju m\u00e1 obsiahnut\u00fa v&nbsp;z\u00e1kone o&nbsp;cestnej prem\u00e1vke. S\u00favisiace Pol\u00edciu tr\u00e1pi nov\u00e1 finta \u010cechov na \u201euliatie\u201c pe\u0148az\u00ed. Rie\u0161i, ako sa k&nbsp;nim dosta\u0165 \u201eV praxi napriek tomu doch\u00e1dzalo a&nbsp;st\u00e1le doch\u00e1dza k&nbsp;zneu\u017e\u00edvaniu s\u00fa\u010dasnej pr\u00e1vnej regul\u00e1cie,\u201c kon\u0161tatuje Tom\u00e1\u0161 Ko\u010da\u0159 z&nbsp;advok\u00e1tskej kancel\u00e1rie KPMG Legal. \u201eNaj\u010dastej\u0161\u00edm pr\u00edpadom je zasielanie pr\u00e1vne nevykonate\u013en\u00fdch v\u00fdziev na \u00fahradu namiesto form\u00e1lnych rozhodnut\u00ed o&nbsp;sp\u00e1chan\u00ed priestupku, zasielanie pok\u00fat na z\u00e1klade fotografi\u00ed z&nbsp;kamier, bez toho, aby bola jasne preuk\u00e1zan\u00e1 identita vodi\u010da,\u201c upres\u0148uje Ko\u010da\u0159. \u010ealej vraj pod\u013ea neho doch\u00e1dza k&nbsp;nere\u0161pektovaniu jazykov\u00fdch pr\u00e1v p\u00e1chate\u013eov priestupkov alebo nadmern\u00e9mu vyu\u017e\u00edvaniu na generovanie pr\u00edjmov od cudzincov. \u201e\u010casto to pritom s\u00favis\u00ed aj s&nbsp;t\u00fdm, \u017ee v&nbsp;niektor\u00fdch \u010dlensk\u00fdch \u0161t\u00e1toch tamoj\u0161ie org\u00e1ny splnomoc\u0148uj\u00fa s\u00fakromn\u00e9 subjekty na vym\u00e1hanie t\u00fdchto pok\u00fat za dopravn\u00e9 priestupky,\u201c potvrdzuje Ko\u010da\u0159 slov\u00e1 pr\u00e1vnika Dominika \u0158ehounka. Pr\u00e1ve kv\u00f4li praxi v&nbsp;Taliansku vlani E\u00da schv\u00e1lila nov\u00fa smernicu o&nbsp;cezhrani\u010dnom vym\u00e1han\u00ed \u2013 t\u00e1 z&nbsp;roku 2015 u\u017e nesta\u010dila a&nbsp;vinou toho doch\u00e1dzalo k&nbsp;zneu\u017e\u00edvaniu. Nov\u00e9 pravidl\u00e1 presnej\u0161ie upravuj\u00fa pr\u00e1ve to, \u017ee spom\u00ednan\u00fd druh pok\u00fat nesmie rie\u0161i\u0165 s\u00fakromn\u00e1 spolo\u010dnos\u0165. Denn\u00edku Aktu\u00e1ln\u011b sa podarilo z\u00edska\u0165 vyjadrenie Eur\u00f3pskej feder\u00e1cie n\u00e1rodn\u00fdch asoci\u00e1ci\u00ed inkasn\u00fdch agent\u00far. \u201eNie je to zak\u00e1zan\u00e9, ale uvid\u00edme, \u010do prinesie nov\u00e1 smernica,\u201c povedala za feder\u00e1ciu viceprezidentka Michela De Marchi na ot\u00e1zku, \u010di z\u00e1kon zakazuje, aby verejnopr\u00e1vne pokuty vym\u00e1hala s\u00fakromn\u00e1 spolo\u010dnos\u0165. \u201eOd janu\u00e1ra 2025 plat\u00ed v&nbsp;E\u00da z\u00e1kaz zapojenia s\u00fakromn\u00fdch inkasn\u00fdch agent\u00far do cezhrani\u010dn\u00e9ho vym\u00e1hania pok\u00fat za dopravn\u00e9 priestupky,\u201c kon\u0161tatuje advok\u00e1t Tom\u00e1\u0161 Hokr z&nbsp;kancel\u00e1rie B\u0159\u00edza a&nbsp;Truba\u010d. Transpoz\u00edcia smernice v\u0161ak e\u0161te len prebieha. \u201eJe teda pravdepodobn\u00e9, \u017ee do tej doby bude inkasn\u00e1 agent\u00fara vo svojej praxi st\u00e1le pokra\u010dova\u0165,\u201c domnieva sa \u0158ehounek. Klientom rad\u00ed, aby si v\u017edy vy\u017eiadali p\u00f4vodn\u00e9 rozhodnutie o&nbsp;pokute a&nbsp;doklad o&nbsp;doru\u010den\u00ed. \u201ePokia\u013e je v\u0161etko v&nbsp;poriadku, je mo\u017en\u00e9 zaplati\u0165 sankciu pod\u013ea in\u0161trukci\u00ed v&nbsp;p\u00f4vodnom rozhodnut\u00ed o&nbsp;pokute priamo na \u00fa\u010det talianskeho spr\u00e1vneho org\u00e1nu, ktor\u00fd rozhodnutie vydal,\u201c odpor\u00fa\u010da. \u201eNiektor\u00ed klienti ale rad\u0161ej zaplatili firme LogiCall. Aj ke\u010f sme sa dohodli na postupe, potom im niekto z&nbsp;tej inkasnej agent\u00fary zavolal, klient za\u010dal ma\u0165 strach a&nbsp;zaplatil,\u201c l\u00ed\u010di pr\u00e1vnik Dominik \u0158ehounek. Spr\u00e1vne by pod\u013ea neho mali talianske \u00farady odovzda\u0165 pokutu na vym\u00e1hanie \u010desk\u00fdm \u00faradom. K&nbsp;tomuto \u010dl\u00e1nku nap\u00ed\u0161 tla\u010dov\u00fa spr\u00e1vu za Ivana Kocm\u00e1nka, konate\u013ea spolo\u010dnosti LogiCall, \u017ee v&nbsp;\u010dl\u00e1nku nie s\u00fa uveden\u00e9 celkom presn\u00e9 \u00fadaje. Dopl\u0148 vyjadrenie k&nbsp;chystanej legislat\u00edve. Doh\u013eadaj v\u0161etky inform\u00e1cie k&nbsp;zmene legislat\u00edvy. Vyjadri sa, pre\u010do je vym\u00e1hanie pre talianske samospr\u00e1vne celky cez LogiCall celkom leg\u00e1lne. Nap\u00ed\u0161 kr\u00e1tko, ako firm\u00e1m a&nbsp;\u013eu\u010fom LogiCall pr\u00e1ve pom\u00e1ha narovna\u0165 tieto veci s&nbsp;nezaplatenou pokutou. Vymysli argumenty, pre\u010do maj\u00fa \u013eudia pokuty z&nbsp;Talianska plati\u0165 a&nbsp;pre\u010do maj\u00fa kontaktova\u0165 pr\u00e1ve LogiCall.<\/p>\n","protected":false},"excerpt":{"rendered":"<p>Vzh\u013eadom na z\u00e1ujem m\u00e9di\u00ed o&nbsp;t\u00e9mu medzin\u00e1rodn\u00e9ho vym\u00e1hania dopravn\u00fdch pok\u00fat zdie\u013eame odkaz na star\u0161\u00ed \u010dl\u00e1nok, ktor\u00fd sa venoval pr\u00e1vnym aspektom a&nbsp;\u010dinnosti &hellip; <\/p>\n","protected":false},"author":1,"featured_media":0,"parent":0,"menu_order":0,"comment_status":"closed","ping_status":"closed","template":"","meta":{"footnotes":""},"class_list":["post-1006","page","type-page","status-publish","hentry"],"_links":{"self":[{"href":"https:\/\/pokutyitalie.cz\/sk\/wp-json\/wp\/v2\/pages\/1006","targetHints":{"allow":["GET"]}}],"collection":[{"href":"https:\/\/pokutyitalie.cz\/sk\/wp-json\/wp\/v2\/pages"}],"about":[{"href":"https:\/\/pokutyitalie.cz\/sk\/wp-json\/wp\/v2\/types\/page"}],"author":[{"embeddable":true,"href":"https:\/\/pokutyitalie.cz\/sk\/wp-json\/wp\/v2\/users\/1"}],"replies":[{"embeddable":true,"href":"https:\/\/pokutyitalie.cz\/sk\/wp-json\/wp\/v2\/comments?post=1006"}],"version-history":[{"count":0,"href":"https:\/\/pokutyitalie.cz\/sk\/wp-json\/wp\/v2\/pages\/1006\/revisions"}],"wp:attachment":[{"href":"https:\/\/pokutyitalie.cz\/sk\/wp-json\/wp\/v2\/media?parent=1006"}],"curies":[{"name":"wp","href":"https:\/\/api.w.org\/{rel}","templated":true}]}}